{"id":36,"date":"2010-09-17T08:25:56","date_gmt":"2010-09-17T08:25:56","guid":{"rendered":"http:\/\/localhost\/wordpress\/?page_id=36"},"modified":"2012-10-29T17:05:05","modified_gmt":"2012-10-29T21:05:05","slug":"preguntas-frecuentes","status":"publish","type":"page","link":"https:\/\/lajuventudhabla.com\/?page_id=36","title":{"rendered":"Preguntas Frecuentes"},"content":{"rendered":"<p><strong>\u00bfQu\u00e9 es lajuventudhabla.com?<\/strong><br \/>\nEs un sitio web que contiene un sondeo no cient\u00edfico que pretende dar inicio a la discusi\u00f3n objetiva, el an\u00e1lisis profundo y al proceso de formarse una opini\u00f3n sobre los temas que impactan nuestro diario vivir.\u00a0 <a href=\"http:\/\/lajuventudhabla.com\/?page_id=108\" target=\"_blank\">Conoce m\u00e1s<\/a>.<\/p>\n<p><strong>\u00bfPuedo participar a\u00fan si no tengo computadora o Internet?<br \/>\n<\/strong>S\u00ed. Puedes descargar nuestro paquete informativo <a href=\"http:\/\/lajuventudhabla.com\/?page_id=39\" target=\"_blank\">aqu\u00ed<\/a>, y enviar el cuestionario completado a la informaci\u00f3n de contacto que est\u00e1 incluida. <strong><\/strong><\/p>\n<p><strong>\u00bfQui\u00e9n cre\u00f3 las preguntas?<\/strong><\/p>\n<p>Este sondeo contiene\u00a0 5 preguntas que emanan del <strong>Grupo Focal de Justicia Juvenil y Prevenci\u00f3n de la Delincuencia<\/strong>.\u00a0 Las otras 7 preguntas  son de temas de inter\u00e9s general\u00a0 en el Pa\u00eds como lo son el\u00a0 crimen, la  econom\u00eda, la educaci\u00f3n, la familia, el ambiente y el estatus pol\u00edtico, creadas por el <a href=\"http:\/\/lajuventudhabla.com\/?page_id=108\">Instituto de Formaci\u00f3n Democr\u00e1tica<\/a> a trav\u00e9s de su participaci\u00f3n en los Mock Elections y visitas a escuelas.<\/p>\n","protected":false},"excerpt":{"rendered":"<p>\u00bfQu\u00e9 es lajuventudhabla.com? Es un sitio web que contiene un sondeo no cient\u00edfico que pretende dar inicio a la discusi\u00f3n objetiva, el an\u00e1lisis profundo y al proceso de formarse una opini\u00f3n sobre los temas que impactan nuestro diario vivir.\u00a0 Conoce m\u00e1s. \u00bfPuedo participar a\u00fan si no tengo computadora o Internet? S\u00ed. Puedes descargar nuestro paquete [&hellip;]<\/p>\n","protected":false},"author":1,"featured_media":0,"parent":0,"menu_order":0,"comment_status":"open","ping_status":"open","template":"","meta":{"footnotes":""},"class_list":["post-36","page","type-page","status-publish","hentry"],"_links":{"self":[{"href":"https:\/\/lajuventudhabla.com\/index.php?rest_route=\/wp\/v2\/pages\/36"}],"collection":[{"href":"https:\/\/lajuventudhabla.com\/index.php?rest_route=\/wp\/v2\/pages"}],"about":[{"href":"https:\/\/lajuventudhabla.com\/index.php?rest_route=\/wp\/v2\/types\/page"}],"author":[{"embeddable":true,"href":"https:\/\/lajuventudhabla.com\/index.php?rest_route=\/wp\/v2\/users\/1"}],"replies":[{"embeddable":true,"href":"https:\/\/lajuventudhabla.com\/index.php?rest_route=%2Fwp%2Fv2%2Fcomments&post=36"}],"version-history":[{"count":6,"href":"https:\/\/lajuventudhabla.com\/index.php?rest_route=\/wp\/v2\/pages\/36\/revisions"}],"predecessor-version":[{"id":282,"href":"https:\/\/lajuventudhabla.com\/index.php?rest_route=\/wp\/v2\/pages\/36\/revisions\/282"}],"wp:attachment":[{"href":"https:\/\/lajuventudhabla.com\/index.php?rest_route=%2Fwp%2Fv2%2Fmedia&parent=36"}],"curies":[{"name":"wp","href":"https:\/\/api.w.org\/{rel}","templated":true}]}}