{"id":34,"date":"2010-09-17T08:25:29","date_gmt":"2010-09-17T08:25:29","guid":{"rendered":"http:\/\/localhost\/wordpress\/?page_id=34"},"modified":"2012-10-29T17:07:19","modified_gmt":"2012-10-29T21:07:19","slug":"temas","status":"publish","type":"page","link":"https:\/\/lajuventudhabla.com\/?page_id=34","title":{"rendered":"Temas"},"content":{"rendered":"<p>Este sondeo contiene\u00a0 5 preguntas que emanan del <strong>Grupo Focal de Justicia Juvenil y Prevenci\u00f3n de la Delincuencia<\/strong>.\u00a0 Las otras 7 preguntas  son de temas de inter\u00e9s general\u00a0 en el Pa\u00eds como lo son el\u00a0 crimen, la  econom\u00eda, la educaci\u00f3n, la familia, el ambiente y el estatus pol\u00edtico.<\/p>\n<p>Si deseas que incluyamos otros temas o preguntas, <a href=\"rbarquin3@barquin.com\">escr\u00edbenos<\/a>.<\/p>\n","protected":false},"excerpt":{"rendered":"<p>Este sondeo contiene\u00a0 5 preguntas que emanan del Grupo Focal de Justicia Juvenil y Prevenci\u00f3n de la Delincuencia.\u00a0 Las otras 7 preguntas son de temas de inter\u00e9s general\u00a0 en el Pa\u00eds como lo son el\u00a0 crimen, la econom\u00eda, la educaci\u00f3n, la familia, el ambiente y el estatus pol\u00edtico. Si deseas que incluyamos otros temas o [&hellip;]<\/p>\n","protected":false},"author":1,"featured_media":0,"parent":0,"menu_order":0,"comment_status":"open","ping_status":"open","template":"","meta":{"footnotes":""},"class_list":["post-34","page","type-page","status-publish","hentry"],"_links":{"self":[{"href":"https:\/\/lajuventudhabla.com\/index.php?rest_route=\/wp\/v2\/pages\/34"}],"collection":[{"href":"https:\/\/lajuventudhabla.com\/index.php?rest_route=\/wp\/v2\/pages"}],"about":[{"href":"https:\/\/lajuventudhabla.com\/index.php?rest_route=\/wp\/v2\/types\/page"}],"author":[{"embeddable":true,"href":"https:\/\/lajuventudhabla.com\/index.php?rest_route=\/wp\/v2\/users\/1"}],"replies":[{"embeddable":true,"href":"https:\/\/lajuventudhabla.com\/index.php?rest_route=%2Fwp%2Fv2%2Fcomments&post=34"}],"version-history":[{"count":4,"href":"https:\/\/lajuventudhabla.com\/index.php?rest_route=\/wp\/v2\/pages\/34\/revisions"}],"predecessor-version":[{"id":283,"href":"https:\/\/lajuventudhabla.com\/index.php?rest_route=\/wp\/v2\/pages\/34\/revisions\/283"}],"wp:attachment":[{"href":"https:\/\/lajuventudhabla.com\/index.php?rest_route=%2Fwp%2Fv2%2Fmedia&parent=34"}],"curies":[{"name":"wp","href":"https:\/\/api.w.org\/{rel}","templated":true}]}}